{"id":368,"date":"2021-06-17T11:31:47","date_gmt":"2021-06-17T11:31:47","guid":{"rendered":"https:\/\/larson-demo.bslthemes.com\/?page_id=368"},"modified":"2024-04-19T20:19:45","modified_gmt":"2024-04-19T20:19:45","slug":"contact","status":"publish","type":"page","link":"https:\/\/platanoincorporadora.com.br\/?page_id=368","title":{"rendered":"Contato"},"content":{"rendered":"\t\t<div data-elementor-type=\"wp-page\" data-elementor-id=\"368\" class=\"elementor elementor-368\">\n\t\t\t\t<div class=\"elementor-element elementor-element-7c6ce4d e-con-full e-flex e-con e-parent\" data-id=\"7c6ce4d\" data-element_type=\"container\" data-settings=\"{&quot;background_background&quot;:&quot;classic&quot;}\">\n\t\t\t\t<div class=\"elementor-element elementor-element-4ff8b49 elementor-widget elementor-widget-larson-intro\" data-id=\"4ff8b49\" data-element_type=\"widget\" data-widget_type=\"larson-intro.default\">\n\t\t\t\t<div class=\"elementor-widget-container\">\n\t\t\t\n\t\t<article class=\"article\">\n\t        <header class=\"article__header\">\n\t          <div class=\"container\">\n\t            \t            <h1 class=\"article__heading heading heading--size-large\">\n\t            \t<span >\n\t\t\t\t\t\tContato\t\t\t\t\t<\/span>\n\t            <\/h1>\n\t            \t            \t          <\/div>\n\t        <\/header>\n\t        \t    <\/article>\n\n\t\t\t\t<\/div>\n\t\t\t\t<\/div>\n\t\t\t\t<\/div>\n\t\t\t\t<section class=\"elementor-section elementor-top-section elementor-element elementor-element-d46eaa0 elementor-section-boxed elementor-section-height-default elementor-section-height-default\" data-id=\"d46eaa0\" data-element_type=\"section\">\n\t\t\t\t\t\t<div class=\"elementor-container elementor-column-gap-no\">\n\t\t\t\t\t<div class=\"elementor-column elementor-col-50 elementor-top-column elementor-element elementor-element-46678d9\" data-id=\"46678d9\" data-element_type=\"column\">\n\t\t\t<div class=\"elementor-widget-wrap elementor-element-populated\">\n\t\t\t\t\t\t<div class=\"elementor-element elementor-element-95bffb5 elementor-widget elementor-widget-text-editor\" data-id=\"95bffb5\" data-element_type=\"widget\" data-widget_type=\"text-editor.default\">\n\t\t\t\t<div class=\"elementor-widget-container\">\n\t\t\t<style>\/*! elementor - v3.23.0 - 15-07-2024 *\/\n.elementor-widget-text-editor.elementor-drop-cap-view-stacked .elementor-drop-cap{background-color:#69727d;color:#fff}.elementor-widget-text-editor.elementor-drop-cap-view-framed .elementor-drop-cap{color:#69727d;border:3px solid;background-color:transparent}.elementor-widget-text-editor:not(.elementor-drop-cap-view-default) .elementor-drop-cap{margin-top:8px}.elementor-widget-text-editor:not(.elementor-drop-cap-view-default) .elementor-drop-cap-letter{width:1em;height:1em}.elementor-widget-text-editor .elementor-drop-cap{float:left;text-align:center;line-height:1;font-size:50px}.elementor-widget-text-editor .elementor-drop-cap-letter{display:inline-block}<\/style>\t\t\t\t<h1><span style=\"font-weight: 400;\">\u00a0 D\u00favidas, ideias ou projetos? <\/span><\/h1>\t\t\t\t\t\t<\/div>\n\t\t\t\t<\/div>\n\t\t\t\t<div class=\"elementor-element elementor-element-3837240 elementor-widget elementor-widget-larson-contact-info\" data-id=\"3837240\" data-element_type=\"widget\" data-widget_type=\"larson-contact-info.default\">\n\t\t\t\t<div class=\"elementor-widget-container\">\n\t\t\t\n\t\t<div class=\"article__map map\">\n          <div class=\"map__inner container\">\n            <div class=\"contact-block\">\n                            <div class=\"contact-block__heading\">\n              \t<span >\n\t\t\t\t\t<h1>\t\t\t\t<\/span>\n              <\/div>\n                                                                      <div class=\"contact-block__item\">\n              \t                <div class=\"contact-block__item-hint\">\n                \t<span >\n\t\t\t\t\t\tEmail:\t\t\t\t\t<\/span>\n                <\/div>\n                                <div class=\"contact-block__item-val\">\n                  <a href=\"mailto:contato@platanoincorporadora.com.br\">\n                  \t<span >\n\t\t\t\t\t\tcontato@platanoincorporadora.com.br\t\t\t\t\t<\/span>\n                  <\/a>\n                <\/div>\n              <\/div>\n                                          <div class=\"contact-block__item\">\n              \t                <div class=\"contact-block__item-hint\">\n                \t<span >\n\t\t\t\t\t\tRede social: \t\t\t\t\t<\/span>\n                <\/div>\n                                <div class=\"contact-block__item-val\">\n                  <!-- Social-->\n                  <ul class=\"contact-block__social social--contact social\">\n                                        <li class=\"social__item\">\n                      <a href=\"https:\/\/www.instagram.com\/platanowoodframe\/\" title=\"Instagram\" class=\"social__link\" target=\"_blank\">\n                        <i class=\"fa fa-instagram\"><\/i>\n                      <\/a>\n                    <\/li>\n                \t                    <li class=\"social__item\">\n                      <a href=\"https:\/\/facebook.com\/\" title=\"facebook\" class=\"social__link\" target=\"_blank\">\n                        <i class=\"fa fa-facebook-f\"><\/i>\n                      <\/a>\n                    <\/li>\n                \t                    <li class=\"social__item\">\n                      <a href=\"https:\/\/pinterest.com\/\" title=\"pinterest\" class=\"social__link\" target=\"_blank\">\n                        <i class=\"fa fa-pinterest\"><\/i>\n                      <\/a>\n                    <\/li>\n                \t                  <\/ul>\n                <\/div>\n              <\/div>\n                                          <div class=\"contact-block__item\">\n              \t                <div class=\"contact-block__item-hint\">\n                \t<span >\n\t\t\t\t\t\tNosso Atendimento:\t\t\t\t\t<\/span>\n                <\/div>\n                                <div class=\"contact-block__item-val\">\n                \t<span >\n\t\t\t\t\t\tSegunda-feira - S\u00e1bado : 08h 00 - 17h 30\t\t\t\t\t<\/span>\n                <\/div>\n              <\/div>\n                          <\/div>\n          <\/div>\n        <\/div>\n\n\t\t\t\t<\/div>\n\t\t\t\t<\/div>\n\t\t\t\t<div class=\"elementor-element elementor-element-a31a52b elementor-widget elementor-widget-spacer\" data-id=\"a31a52b\" data-element_type=\"widget\" data-widget_type=\"spacer.default\">\n\t\t\t\t<div class=\"elementor-widget-container\">\n\t\t\t<style>\/*! elementor - v3.23.0 - 15-07-2024 *\/\n.elementor-column .elementor-spacer-inner{height:var(--spacer-size)}.e-con{--container-widget-width:100%}.e-con-inner>.elementor-widget-spacer,.e-con>.elementor-widget-spacer{width:var(--container-widget-width,var(--spacer-size));--align-self:var(--container-widget-align-self,initial);--flex-shrink:0}.e-con-inner>.elementor-widget-spacer>.elementor-widget-container,.e-con>.elementor-widget-spacer>.elementor-widget-container{height:100%;width:100%}.e-con-inner>.elementor-widget-spacer>.elementor-widget-container>.elementor-spacer,.e-con>.elementor-widget-spacer>.elementor-widget-container>.elementor-spacer{height:100%}.e-con-inner>.elementor-widget-spacer>.elementor-widget-container>.elementor-spacer>.elementor-spacer-inner,.e-con>.elementor-widget-spacer>.elementor-widget-container>.elementor-spacer>.elementor-spacer-inner{height:var(--container-widget-height,var(--spacer-size))}.e-con-inner>.elementor-widget-spacer.elementor-widget-empty,.e-con>.elementor-widget-spacer.elementor-widget-empty{position:relative;min-height:22px;min-width:22px}.e-con-inner>.elementor-widget-spacer.elementor-widget-empty .elementor-widget-empty-icon,.e-con>.elementor-widget-spacer.elementor-widget-empty .elementor-widget-empty-icon{position:absolute;top:0;bottom:0;left:0;right:0;margin:auto;padding:0;width:22px;height:22px}<\/style>\t\t<div class=\"elementor-spacer\">\n\t\t\t<div class=\"elementor-spacer-inner\"><\/div>\n\t\t<\/div>\n\t\t\t\t<\/div>\n\t\t\t\t<\/div>\n\t\t\t\t\t<\/div>\n\t\t<\/div>\n\t\t\t\t<div class=\"elementor-column elementor-col-50 elementor-top-column elementor-element elementor-element-01fa2d2\" data-id=\"01fa2d2\" data-element_type=\"column\" data-settings=\"{&quot;background_background&quot;:&quot;classic&quot;}\">\n\t\t\t<div class=\"elementor-widget-wrap elementor-element-populated\">\n\t\t\t\t\t\t<div class=\"elementor-element elementor-element-649013d elementor-widget elementor-widget-larson-cf7-form\" data-id=\"649013d\" data-element_type=\"widget\" data-widget_type=\"larson-cf7-form.default\">\n\t\t\t\t<div class=\"elementor-widget-container\">\n\t\t\t\n\t\t<div class=\"article__main container\">\n          <section class=\"article__feedback feedback\">\n          \t            <div class=\"feedback__heading heading\" data-aos=\"fade\">\n            \t<span >\n\t\t\t\t\t<span style=\"font-weight: 400\">Estamos prontos para ouvir. <\/span><br><\/span><br> <p style=\"font-weight: 400;font-size: 60%\">Preencha nosso formul\u00e1rio de contato e conecte-se \u00e0 Pl\u00e1tano.<\/span>\t\t\t\t<\/span>\n            <\/div>\n            \n                        \t\n<div class=\"wpcf7 no-js\" id=\"wpcf7-f1056-o1\" lang=\"en-US\" dir=\"ltr\">\n<div class=\"screen-reader-response\"><p role=\"status\" aria-live=\"polite\" aria-atomic=\"true\"><\/p> <ul><\/ul><\/div>\n<form action=\"\/index.php?rest_route=%2Fwp%2Fv2%2Fpages%2F368#wpcf7-f1056-o1\" method=\"post\" class=\"wpcf7-form init\" aria-label=\"Contact form\" novalidate=\"novalidate\" data-status=\"init\">\n<div style=\"display: none;\">\n<input type=\"hidden\" name=\"_wpcf7\" value=\"1056\" \/>\n<input type=\"hidden\" name=\"_wpcf7_version\" value=\"5.8.6\" \/>\n<input type=\"hidden\" name=\"_wpcf7_locale\" value=\"en_US\" \/>\n<input type=\"hidden\" name=\"_wpcf7_unit_tag\" value=\"wpcf7-f1056-o1\" \/>\n<input type=\"hidden\" name=\"_wpcf7_container_post\" value=\"0\" \/>\n<input type=\"hidden\" name=\"_wpcf7_posted_data_hash\" value=\"\" \/>\n<\/div>\n<div class=\"contact-parallax__form\">\n  <label class=\"field\">\n    <span class=\"wpcf7-form-control-wrap\" data-name=\"cf_name\"><input size=\"40\" class=\"wpcf7-form-control wpcf7-text wpcf7-validates-as-required\" aria-required=\"true\" aria-invalid=\"false\" placeholder=\"Nome\" value=\"\" type=\"text\" name=\"cf_name\" \/><\/span>\n    <span class=\"line\"><\/span>\n  <\/label>\n  <label class=\"field\">\n    <span class=\"wpcf7-form-control-wrap\" data-name=\"cf_email\"><input size=\"40\" class=\"wpcf7-form-control wpcf7-email wpcf7-validates-as-required wpcf7-text wpcf7-validates-as-email\" aria-required=\"true\" aria-invalid=\"false\" placeholder=\"E-mail\" value=\"\" type=\"email\" name=\"cf_email\" \/><\/span>\n    <span class=\"line\"><\/span>\n  <\/label>\n  <label class=\"field label-textarea\">\n    <span class=\"wpcf7-form-control-wrap\" data-name=\"cf_message\"><textarea cols=\"40\" rows=\"10\" class=\"wpcf7-form-control wpcf7-textarea wpcf7-validates-as-required\" aria-required=\"true\" aria-invalid=\"false\" placeholder=\"Mensagem\" name=\"cf_message\"><\/textarea><\/span>\n    <span class=\"line\"><\/span>\n  <\/label>\n  <button class=\"btn contact-parallax__submit\" type=\"submit\">Enviar mensagem<\/button>\n<\/div><div class=\"wpcf7-response-output\" aria-hidden=\"true\"><\/div>\n<\/form>\n<\/div>\n                      <\/section>\n        <\/div>\n\n\t\t\t\t<\/div>\n\t\t\t\t<\/div>\n\t\t\t\t\t<\/div>\n\t\t<\/div>\n\t\t\t\t\t<\/div>\n\t\t<\/section>\n\t\t\t\t<section class=\"elementor-section elementor-top-section elementor-element elementor-element-86dab40 elementor-section-full_width c__map elementor-section-height-default elementor-section-height-default\" data-id=\"86dab40\" data-element_type=\"section\">\n\t\t\t\t\t\t<div class=\"elementor-container elementor-column-gap-custom\">\n\t\t\t\t\t<div class=\"elementor-column elementor-col-100 elementor-top-column elementor-element elementor-element-20aa73f\" data-id=\"20aa73f\" data-element_type=\"column\">\n\t\t\t<div class=\"elementor-widget-wrap elementor-element-populated\">\n\t\t\t\t\t\t<div class=\"elementor-element elementor-element-e74ec28 elementor-widget elementor-widget-google_maps\" data-id=\"e74ec28\" data-element_type=\"widget\" data-widget_type=\"google_maps.default\">\n\t\t\t\t<div class=\"elementor-widget-container\">\n\t\t\t<style>\/*! elementor - v3.23.0 - 15-07-2024 *\/\n.elementor-widget-google_maps .elementor-widget-container{overflow:hidden}.elementor-widget-google_maps .elementor-custom-embed{line-height:0}.elementor-widget-google_maps iframe{height:300px}<\/style>\t\t<div class=\"elementor-custom-embed\">\n\t\t\t<iframe loading=\"lazy\"\n\t\t\t\t\tsrc=\"https:\/\/maps.google.com\/maps?q=Rua%20Orivaldo%20Martins%2C%20sao%20jose%2C%20santa%20catarina%2C%20brasil&#038;t=m&#038;z=17&#038;output=embed&#038;iwloc=near\"\n\t\t\t\t\ttitle=\"Rua Orivaldo Martins, sao jose, santa catarina, brasil\"\n\t\t\t\t\taria-label=\"Rua Orivaldo Martins, sao jose, santa catarina, brasil\"\n\t\t\t><\/iframe>\n\t\t<\/div>\n\t\t\t\t<\/div>\n\t\t\t\t<\/div>\n\t\t\t\t\t<\/div>\n\t\t<\/div>\n\t\t\t\t\t<\/div>\n\t\t<\/section>\n\t\t\t\t<\/div>\n\t\t","protected":false},"excerpt":{"rendered":"<p>Contato \u00a0 D\u00favidas, ideias ou projetos? Email: contato@platanoincorporadora.com.br Rede social: Nosso Atendimento: Segunda-feira &#8211; S\u00e1bado : 08h 00 &#8211; 17h 30 Estamos prontos para ouvir. Preencha nosso formul\u00e1rio de contato e conecte-se \u00e0 Pl\u00e1tano. Enviar mensagem<\/p>\n","protected":false},"author":1,"featured_media":0,"parent":0,"menu_order":0,"comment_status":"closed","ping_status":"closed","template":"template-elementor-default.php","meta":{"_monsterinsights_skip_tracking":false,"_monsterinsights_sitenote_active":false,"_monsterinsights_sitenote_note":"","_monsterinsights_sitenote_category":0,"footnotes":""},"class_list":["post-368","page","type-page","status-publish","hentry"],"acf":[],"aioseo_notices":[],"_links":{"self":[{"href":"https:\/\/platanoincorporadora.com.br\/index.php?rest_route=\/wp\/v2\/pages\/368","targetHints":{"allow":["GET"]}}],"collection":[{"href":"https:\/\/platanoincorporadora.com.br\/index.php?rest_route=\/wp\/v2\/pages"}],"about":[{"href":"https:\/\/platanoincorporadora.com.br\/index.php?rest_route=\/wp\/v2\/types\/page"}],"author":[{"embeddable":true,"href":"https:\/\/platanoincorporadora.com.br\/index.php?rest_route=\/wp\/v2\/users\/1"}],"replies":[{"embeddable":true,"href":"https:\/\/platanoincorporadora.com.br\/index.php?rest_route=%2Fwp%2Fv2%2Fcomments&post=368"}],"version-history":[{"count":22,"href":"https:\/\/platanoincorporadora.com.br\/index.php?rest_route=\/wp\/v2\/pages\/368\/revisions"}],"predecessor-version":[{"id":2454,"href":"https:\/\/platanoincorporadora.com.br\/index.php?rest_route=\/wp\/v2\/pages\/368\/revisions\/2454"}],"wp:attachment":[{"href":"https:\/\/platanoincorporadora.com.br\/index.php?rest_route=%2Fwp%2Fv2%2Fmedia&parent=368"}],"curies":[{"name":"wp","href":"https:\/\/api.w.org\/{rel}","templated":true}]}}